{"id":226,"date":"2024-12-16T15:34:15","date_gmt":"2024-12-16T14:34:15","guid":{"rendered":"https:\/\/wp.digitalart.fr\/?page_id=226"},"modified":"2024-12-18T11:26:09","modified_gmt":"2024-12-18T10:26:09","slug":"ambiances-musicales-et-animations-audio-numeriques","status":"publish","type":"page","link":"https:\/\/digitalart.fr\/index.php\/ambiances-musicales-et-animations-audio-numeriques\/","title":{"rendered":"Ambiances musicales et animations audio num\u00e9riques"},"content":{"rendered":"\t\t<div data-elementor-type=\"wp-page\" data-elementor-id=\"226\" class=\"elementor elementor-226\">\n\t\t\t\t<div class=\"elementor-element elementor-element-82f702e e-flex e-con-boxed e-con e-parent\" data-id=\"82f702e\" data-element_type=\"container\">\n\t\t\t\t\t<div class=\"e-con-inner\">\n\t\t\t\t<div class=\"elementor-element elementor-element-d4db4da elementor-widget elementor-widget-heading\" data-id=\"d4db4da\" data-element_type=\"widget\" data-widget_type=\"heading.default\">\n\t\t\t\t<div class=\"elementor-widget-container\">\n\t\t\t<h2 class=\"elementor-heading-title elementor-size-default\">L'audio en magasin un contact permanent avec votre client\u00e8le\n<\/h2>\t\t<\/div>\n\t\t\t\t<\/div>\n\t\t\t\t\t<\/div>\n\t\t\t\t<\/div>\n\t\t<div class=\"elementor-element elementor-element-27564cd e-flex e-con-boxed e-con e-parent\" data-id=\"27564cd\" data-element_type=\"container\">\n\t\t\t\t\t<div class=\"e-con-inner\">\n\t\t<div class=\"elementor-element elementor-element-3287337 e-con-full e-flex e-con e-child\" data-id=\"3287337\" data-element_type=\"container\">\n\t\t\t\t<div class=\"elementor-element elementor-element-25ddb86 elementor-widget elementor-widget-image\" data-id=\"25ddb86\" data-element_type=\"widget\" data-widget_type=\"image.default\">\n\t\t\t\t<div class=\"elementor-widget-container\">\n\t\t\t\t\t\t\t\t\t\t<figure class=\"wp-caption\">\n\t\t\t\t\t\t\t\t\t\t<img fetchpriority=\"high\" decoding=\"async\" width=\"1024\" height=\"683\" src=\"https:\/\/digitalart.fr\/wp-content\/uploads\/2024\/12\/Shopping-entre-amis-1024x683.jpg\" class=\"attachment-large size-large wp-image-355\" alt=\"\" srcset=\"https:\/\/digitalart.fr\/wp-content\/uploads\/2024\/12\/Shopping-entre-amis-1024x683.jpg 1024w, https:\/\/digitalart.fr\/wp-content\/uploads\/2024\/12\/Shopping-entre-amis-300x200.jpg 300w, https:\/\/digitalart.fr\/wp-content\/uploads\/2024\/12\/Shopping-entre-amis-768x512.jpg 768w, https:\/\/digitalart.fr\/wp-content\/uploads\/2024\/12\/Shopping-entre-amis-1536x1024.jpg 1536w, https:\/\/digitalart.fr\/wp-content\/uploads\/2024\/12\/Shopping-entre-amis-2048x1365.jpg 2048w, https:\/\/digitalart.fr\/wp-content\/uploads\/2024\/12\/Shopping-entre-amis-450x300.jpg 450w\" sizes=\"(max-width: 1024px) 100vw, 1024px\" \/>\t\t\t\t\t\t\t\t\t\t\t<figcaption class=\"widget-image-caption wp-caption-text\">Gardez le contact avec vos clients  dans les espaces sonoris\u00e9s<\/figcaption>\n\t\t\t\t\t\t\t\t\t\t<\/figure>\n\t\t\t\t\t\t\t<\/div>\n\t\t\t\t<\/div>\n\t\t\t\t<\/div>\n\t\t<div class=\"elementor-element elementor-element-e46dc1e e-con-full e-flex e-con e-child\" data-id=\"e46dc1e\" data-element_type=\"container\">\n\t\t\t\t<div class=\"elementor-element elementor-element-bfb734f elementor-widget elementor-widget-text-editor\" data-id=\"bfb734f\" data-element_type=\"widget\" data-widget_type=\"text-editor.default\">\n\t\t\t\t<div class=\"elementor-widget-container\">\n\t\t\t\t\t\t\t<p>\u00a0Avec notre solution, vous garderez le contact avec vos clients, lors de leurs visites et cela quels que soient leurs positionnements dans l&rsquo;espace sonoris\u00e9 (une compl\u00e9mentarit\u00e9 non n\u00e9gligeable par rapport \u00e0 la publicit\u00e9 visuelle qui oblige le client \u00e0 rester statique pendant la lecture).<\/p><p>\u00a0<\/p><p>Digital Art cr\u00e9e votre ambiance musicale et vos animations audio num\u00e9riques, en harmonie avec votre public, votre client\u00e8le, votre identit\u00e9, votre environnement en l&rsquo;adaptant sur le support le mieux adapt\u00e9 \u00e0 votre budget et contraintes techniques.<\/p>\t\t\t\t\t\t<\/div>\n\t\t\t\t<\/div>\n\t\t\t\t<\/div>\n\t\t\t\t\t<\/div>\n\t\t\t\t<\/div>\n\t\t<div class=\"elementor-element elementor-element-d6bf8e8 e-flex e-con-boxed e-con e-parent\" data-id=\"d6bf8e8\" data-element_type=\"container\">\n\t\t\t\t\t<div class=\"e-con-inner\">\n\t\t\t\t<div class=\"elementor-element elementor-element-dd8986e elementor-widget elementor-widget-heading\" data-id=\"dd8986e\" data-element_type=\"widget\" data-widget_type=\"heading.default\">\n\t\t\t\t<div class=\"elementor-widget-container\">\n\t\t\t<h2 class=\"elementor-heading-title elementor-size-default\">Une programmation musicale 100% VOUS :<\/h2>\t\t<\/div>\n\t\t\t\t<\/div>\n\t\t<div class=\"elementor-element elementor-element-337e6d6 e-con-full e-flex e-con e-child\" data-id=\"337e6d6\" data-element_type=\"container\">\n\t\t<div class=\"elementor-element elementor-element-3ef18db e-con-full e-flex e-con e-child\" data-id=\"3ef18db\" data-element_type=\"container\">\n\t\t\t\t<div class=\"elementor-element elementor-element-b0d28f3 elementor-widget elementor-widget-text-editor\" data-id=\"b0d28f3\" data-element_type=\"widget\" data-widget_type=\"text-editor.default\">\n\t\t\t\t<div class=\"elementor-widget-container\">\n\t\t\t\t\t\t\t<p>Musiques, messages d&rsquo;accueil, spots pubs et jingles personnalis\u00e9s adapt\u00e9s \u00e0 votre client\u00e8le, votre environnement votre marque&#8230; Un vrai plus en terme d&rsquo;accueil et de marketing !<\/p><p>Vos clients et visiteurs deviennent les auditeurs de votre propre radio. Vous communiquez vos messages (offres, accueil, \u00e9v\u00e9nements, partenariats) dans un contexte musical adapt\u00e9.<\/p><p>Fini les pubs des concurrents ainsi que les programmes musicaux et propos d\u00e9cal\u00e9s, vous v\u00e9hiculez une image dynamique et une ambiance de bonnes affaires permanentes.<\/p>\t\t\t\t\t\t<\/div>\n\t\t\t\t<\/div>\n\t\t\t\t<\/div>\n\t\t<div class=\"elementor-element elementor-element-7427e09 e-con-full e-flex e-con e-child\" data-id=\"7427e09\" data-element_type=\"container\">\n\t\t\t\t<div class=\"elementor-element elementor-element-5984e85 elementor-widget elementor-widget-image\" data-id=\"5984e85\" data-element_type=\"widget\" data-widget_type=\"image.default\">\n\t\t\t\t<div class=\"elementor-widget-container\">\n\t\t\t\t\t\t\t\t\t\t\t\t\t<img decoding=\"async\" width=\"1024\" height=\"1024\" src=\"https:\/\/digitalart.fr\/wp-content\/uploads\/2024\/12\/notes-de-musique-1024x1024.jpg\" class=\"attachment-large size-large wp-image-357\" alt=\"\" srcset=\"https:\/\/digitalart.fr\/wp-content\/uploads\/2024\/12\/notes-de-musique-1024x1024.jpg 1024w, https:\/\/digitalart.fr\/wp-content\/uploads\/2024\/12\/notes-de-musique-300x300.jpg 300w, https:\/\/digitalart.fr\/wp-content\/uploads\/2024\/12\/notes-de-musique-150x150.jpg 150w, https:\/\/digitalart.fr\/wp-content\/uploads\/2024\/12\/notes-de-musique-768x768.jpg 768w, https:\/\/digitalart.fr\/wp-content\/uploads\/2024\/12\/notes-de-musique-1536x1536.jpg 1536w, https:\/\/digitalart.fr\/wp-content\/uploads\/2024\/12\/notes-de-musique-2048x2048.jpg 2048w\" sizes=\"(max-width: 1024px) 100vw, 1024px\" \/>\t\t\t\t\t\t\t\t\t\t\t\t\t<\/div>\n\t\t\t\t<\/div>\n\t\t\t\t<\/div>\n\t\t\t\t<\/div>\n\t\t\t\t\t<\/div>\n\t\t\t\t<\/div>\n\t\t<div class=\"elementor-element elementor-element-7faeb34 e-flex e-con-boxed e-con e-parent\" data-id=\"7faeb34\" data-element_type=\"container\">\n\t\t\t\t\t<div class=\"e-con-inner\">\n\t\t\t\t<div class=\"elementor-element elementor-element-7edf696 elementor-widget elementor-widget-text-editor\" data-id=\"7edf696\" data-element_type=\"widget\" data-widget_type=\"text-editor.default\">\n\t\t\t\t<div class=\"elementor-widget-container\">\n\t\t\t\t\t\t\t<p>Au cours des quatre derni\u00e8res d\u00e9cennies, la musique a pris une place pr\u00e9pond\u00e9rante dans notre vie quotidienne<\/p><p>En passant en mode \u00ab Radio Instore \u00bb , vous personnalisez votre accueil, vous optimisez la qualit\u00e9 sonore (la r\u00e9ception FM \u00e9tant souvent de mauvaise qualit\u00e9 en raison du fort environnement \u00e9lectrique des magasins qui perturbe les ondes hertziennes) en apportant un nouveau service \u00e0 vos clients.<\/p>\t\t\t\t\t\t<\/div>\n\t\t\t\t<\/div>\n\t\t\t\t<div class=\"elementor-element elementor-element-823d5df elementor-widget elementor-widget-heading\" data-id=\"823d5df\" data-element_type=\"widget\" data-widget_type=\"heading.default\">\n\t\t\t\t<div class=\"elementor-widget-container\">\n\t\t\t<h2 class=\"elementor-heading-title elementor-size-default\">Solution technique :<\/h2>\t\t<\/div>\n\t\t\t\t<\/div>\n\t\t\t\t\t<\/div>\n\t\t\t\t<\/div>\n\t\t<div class=\"elementor-element elementor-element-9155678 e-flex e-con-boxed e-con e-parent\" data-id=\"9155678\" data-element_type=\"container\">\n\t\t\t\t\t<div class=\"e-con-inner\">\n\t\t<div class=\"elementor-element elementor-element-4631191 e-con-full e-flex e-con e-child\" data-id=\"4631191\" data-element_type=\"container\">\n\t\t\t\t<div class=\"elementor-element elementor-element-4bce10b elementor-widget elementor-widget-text-editor\" data-id=\"4bce10b\" data-element_type=\"widget\" data-widget_type=\"text-editor.default\">\n\t\t\t\t<div class=\"elementor-widget-container\">\n\t\t\t\t\t\t\t<p>Par une simple connexion \u00e0 votre sonorisation, l\u2019automate \u00ab Radio + \u00bb va cr\u00e9er votre radio musicale personnalis\u00e9e, en utilisant les m\u00eames composants que ceux utilis\u00e9s par les radios.<\/p><p>En mode automatique ou manuel vous contr\u00f4lez en quelques clics votre ambiance musicale jusqu\u2019\u00e0 8000 titres en fonction de votre offre : Les hits du moment, les golds des cinq derni\u00e8res d\u00e9cennies, musique lounge, relaxation, nature &#8230;<\/p>\t\t\t\t\t\t<\/div>\n\t\t\t\t<\/div>\n\t\t\t\t<div class=\"elementor-element elementor-element-fea98b0 elementor-widget elementor-widget-image\" data-id=\"fea98b0\" data-element_type=\"widget\" data-widget_type=\"image.default\">\n\t\t\t\t<div class=\"elementor-widget-container\">\n\t\t\t\t\t\t\t\t\t\t<figure class=\"wp-caption\">\n\t\t\t\t\t\t\t\t\t\t<img decoding=\"async\" width=\"616\" height=\"133\" src=\"https:\/\/digitalart.fr\/wp-content\/uploads\/2024\/12\/Cablage-audio.jpg\" class=\"attachment-large size-large wp-image-360\" alt=\"\" srcset=\"https:\/\/digitalart.fr\/wp-content\/uploads\/2024\/12\/Cablage-audio.jpg 616w, https:\/\/digitalart.fr\/wp-content\/uploads\/2024\/12\/Cablage-audio-300x65.jpg 300w\" sizes=\"(max-width: 616px) 100vw, 616px\" \/>\t\t\t\t\t\t\t\t\t\t\t<figcaption class=\"widget-image-caption wp-caption-text\">Sch\u00e9mas de branchement \"Radio+\" \u00e0 votre sonoristation <\/figcaption>\n\t\t\t\t\t\t\t\t\t\t<\/figure>\n\t\t\t\t\t\t\t<\/div>\n\t\t\t\t<\/div>\n\t\t\t\t<\/div>\n\t\t<div class=\"elementor-element elementor-element-a34990e e-con-full e-flex e-con e-child\" data-id=\"a34990e\" data-element_type=\"container\">\n\t\t\t\t<div class=\"elementor-element elementor-element-4c1b874 elementor-widget elementor-widget-image\" data-id=\"4c1b874\" data-element_type=\"widget\" data-widget_type=\"image.default\">\n\t\t\t\t<div class=\"elementor-widget-container\">\n\t\t\t\t\t\t\t\t\t\t<figure class=\"wp-caption\">\n\t\t\t\t\t\t\t\t\t\t<img loading=\"lazy\" decoding=\"async\" width=\"225\" height=\"225\" src=\"https:\/\/digitalart.fr\/wp-content\/uploads\/2024\/12\/AUTOMATE-RADIO.jpg\" class=\"attachment-large size-large wp-image-359\" alt=\"\" srcset=\"https:\/\/digitalart.fr\/wp-content\/uploads\/2024\/12\/AUTOMATE-RADIO.jpg 225w, https:\/\/digitalart.fr\/wp-content\/uploads\/2024\/12\/AUTOMATE-RADIO-150x150.jpg 150w\" sizes=\"(max-width: 225px) 100vw, 225px\" \/>\t\t\t\t\t\t\t\t\t\t\t<figcaption class=\"widget-image-caption wp-caption-text\">Automate RADIO+<\/figcaption>\n\t\t\t\t\t\t\t\t\t\t<\/figure>\n\t\t\t\t\t\t\t<\/div>\n\t\t\t\t<\/div>\n\t\t\t\t<div class=\"elementor-element elementor-element-9025e5a elementor-widget elementor-widget-text-editor\" data-id=\"9025e5a\" data-element_type=\"widget\" data-widget_type=\"text-editor.default\">\n\t\t\t\t<div class=\"elementor-widget-container\">\n\t\t\t\t\t\t\t<p>Et bien sur vous donnez la parole \u00e0 vos flyers, prospectus, site web &#8230; en int\u00e9grant des spots publicitaires et vos infos services \u00e0 votre radio, selon les horaires et les jours souhait\u00e9s, mais aussi des messages d\u2019informations \u00e0 destination de votre personnel.<\/p><p>Et plein d\u2019autres fonctionnalit\u00e9s : messages d\u2019accueil, ouvertures\/fermetures, ouvertures et fermetures exceptionnelles avec messages d\u2019alertes et en option les appels vendeurs et les messages t\u00e9l\u00e9phoniques.<\/p>\t\t\t\t\t\t<\/div>\n\t\t\t\t<\/div>\n\t\t\t\t<\/div>\n\t\t\t\t\t<\/div>\n\t\t\t\t<\/div>\n\t\t<div class=\"elementor-element elementor-element-a77ef95 e-flex e-con-boxed e-con e-parent\" data-id=\"a77ef95\" data-element_type=\"container\">\n\t\t\t\t\t<div class=\"e-con-inner\">\n\t\t\t\t<div class=\"elementor-element elementor-element-f711c1c elementor-align-center elementor-widget elementor-widget-button\" data-id=\"f711c1c\" data-element_type=\"widget\" data-widget_type=\"button.default\">\n\t\t\t\t<div class=\"elementor-widget-container\">\n\t\t\t\t\t\t\t<div class=\"elementor-button-wrapper\">\n\t\t\t\t\t<a class=\"elementor-button elementor-button-link elementor-size-sm\" href=\"https:\/\/wp.digitalart.fr\/index.php\/nous-contacter\/\">\n\t\t\t\t\t\t<span class=\"elementor-button-content-wrapper\">\n\t\t\t\t\t\t\t\t\t<span class=\"elementor-button-text\">Demander une documentation<\/span>\n\t\t\t\t\t<\/span>\n\t\t\t\t\t<\/a>\n\t\t\t\t<\/div>\n\t\t\t\t\t\t<\/div>\n\t\t\t\t<\/div>\n\t\t\t\t\t<\/div>\n\t\t\t\t<\/div>\n\t\t\t\t<\/div>\n\t\t","protected":false},"excerpt":{"rendered":"<p>L&rsquo;audio en magasin un contact permanent avec votre client\u00e8le Gardez le contact avec vos clients dans les espaces sonoris\u00e9s \u00a0Avec notre solution, vous garderez le contact avec vos clients, lors de leurs visites et cela &hellip;<\/p>\n","protected":false},"author":1,"featured_media":0,"parent":0,"menu_order":0,"comment_status":"closed","ping_status":"closed","template":"","meta":{"footnotes":""},"class_list":["post-226","page","type-page","status-publish","hentry"],"_links":{"self":[{"href":"https:\/\/digitalart.fr\/index.php\/wp-json\/wp\/v2\/pages\/226","targetHints":{"allow":["GET"]}}],"collection":[{"href":"https:\/\/digitalart.fr\/index.php\/wp-json\/wp\/v2\/pages"}],"about":[{"href":"https:\/\/digitalart.fr\/index.php\/wp-json\/wp\/v2\/types\/page"}],"author":[{"embeddable":true,"href":"https:\/\/digitalart.fr\/index.php\/wp-json\/wp\/v2\/users\/1"}],"replies":[{"embeddable":true,"href":"https:\/\/digitalart.fr\/index.php\/wp-json\/wp\/v2\/comments?post=226"}],"version-history":[{"count":27,"href":"https:\/\/digitalart.fr\/index.php\/wp-json\/wp\/v2\/pages\/226\/revisions"}],"predecessor-version":[{"id":373,"href":"https:\/\/digitalart.fr\/index.php\/wp-json\/wp\/v2\/pages\/226\/revisions\/373"}],"wp:attachment":[{"href":"https:\/\/digitalart.fr\/index.php\/wp-json\/wp\/v2\/media?parent=226"}],"curies":[{"name":"wp","href":"https:\/\/api.w.org\/{rel}","templated":true}]}}