{"id":248,"date":"2024-12-16T16:24:52","date_gmt":"2024-12-16T15:24:52","guid":{"rendered":"https:\/\/wp.digitalart.fr\/?page_id=248"},"modified":"2024-12-17T16:53:58","modified_gmt":"2024-12-17T15:53:58","slug":"bornes-appels-vendeurs","status":"publish","type":"page","link":"https:\/\/digitalart.fr\/index.php\/bornes-appels-vendeurs\/","title":{"rendered":"Bornes appels vendeurs"},"content":{"rendered":"\t\t<div data-elementor-type=\"wp-page\" data-elementor-id=\"248\" class=\"elementor elementor-248\">\n\t\t\t\t<div class=\"elementor-element elementor-element-5ccb235 e-flex e-con-boxed e-con e-parent\" data-id=\"5ccb235\" data-element_type=\"container\">\n\t\t\t\t\t<div class=\"e-con-inner\">\n\t\t\t\t<div class=\"elementor-element elementor-element-79d9f42 elementor-widget elementor-widget-heading\" data-id=\"79d9f42\" data-element_type=\"widget\" data-widget_type=\"heading.default\">\n\t\t\t\t<div class=\"elementor-widget-container\">\n\t\t\t<h2 class=\"elementor-heading-title elementor-size-default\">Combien de ventes par heure et par rayon perdez-vous dans votre surface de vente ?<\/h2>\t\t<\/div>\n\t\t\t\t<\/div>\n\t\t\t\t\t<\/div>\n\t\t\t\t<\/div>\n\t\t<div class=\"elementor-element elementor-element-bff3d71 e-flex e-con-boxed e-con e-parent\" data-id=\"bff3d71\" data-element_type=\"container\">\n\t\t\t\t\t<div class=\"e-con-inner\">\n\t\t<div class=\"elementor-element elementor-element-1cd8ff4 e-con-full e-flex e-con e-child\" data-id=\"1cd8ff4\" data-element_type=\"container\">\n\t\t\t\t<div class=\"elementor-element elementor-element-0147967 elementor-widget elementor-widget-image\" data-id=\"0147967\" data-element_type=\"widget\" data-widget_type=\"image.default\">\n\t\t\t\t<div class=\"elementor-widget-container\">\n\t\t\t\t\t\t\t\t\t\t<figure class=\"wp-caption\">\n\t\t\t\t\t\t\t\t\t\t<img fetchpriority=\"high\" decoding=\"async\" width=\"687\" height=\"1024\" src=\"https:\/\/digitalart.fr\/wp-content\/uploads\/2024\/12\/borne-687x1024.jpg\" class=\"attachment-large size-large wp-image-194\" alt=\"\" srcset=\"https:\/\/digitalart.fr\/wp-content\/uploads\/2024\/12\/borne-687x1024.jpg 687w, https:\/\/digitalart.fr\/wp-content\/uploads\/2024\/12\/borne-201x300.jpg 201w, https:\/\/digitalart.fr\/wp-content\/uploads\/2024\/12\/borne.jpg 709w\" sizes=\"(max-width: 687px) 100vw, 687px\" \/>\t\t\t\t\t\t\t\t\t\t\t<figcaption class=\"widget-image-caption wp-caption-text\">Borne personnalisable aux couleurs de votre enseigne<\/figcaption>\n\t\t\t\t\t\t\t\t\t\t<\/figure>\n\t\t\t\t\t\t\t<\/div>\n\t\t\t\t<\/div>\n\t\t\t\t<\/div>\n\t\t\t\t<div class=\"elementor-element elementor-element-cabb23a elementor-widget elementor-widget-text-editor\" data-id=\"cabb23a\" data-element_type=\"widget\" data-widget_type=\"text-editor.default\">\n\t\t\t\t<div class=\"elementor-widget-container\">\n\t\t\t\t\t\t\t<p>Les bornes d\u2019appels sont plac\u00e9es dans les rayons elles permettent \u00e0 vos clients par simple pression sur un bouton poussoir de d\u00e9clencher, dans votre syst\u00e8me de sonorisation, un message d\u2019appel \u00ab Un conseiller est demand\u00e9 \u00e0 la d\u00e9coupe verre \u00bb .<\/p><p>\u00a0<\/p><p>Faciles \u00e0 installer, totalement autonomes sans liaison \u00e9lectrique, ces bornes utilisent des fr\u00e9quences HF pour diffuser les messages d&rsquo;appels vendeurs dans la sonorisation elles peuvent se d\u00e9placer facilement.<\/p><p>\u00a0<\/p><ul><li>Ma\u00eetriser les appels vendeurs<\/li><li>Rassurer vos clients par la sonorisation lors de l&rsquo;appel<\/li><li>Contr\u00f4ler l&rsquo;efficacit\u00e9 des temps de r\u00e9ponse<\/li><li>Limiter le temps d&rsquo;attente de vos clients aux rayons strat\u00e9giques<\/li><\/ul>\t\t\t\t\t\t<\/div>\n\t\t\t\t<\/div>\n\t\t\t\t\t<\/div>\n\t\t\t\t<\/div>\n\t\t<div class=\"elementor-element elementor-element-39af2ee e-flex e-con-boxed e-con e-parent\" data-id=\"39af2ee\" data-element_type=\"container\">\n\t\t\t\t\t<div class=\"e-con-inner\">\n\t\t\t\t<div class=\"elementor-element elementor-element-f6e93b9 elementor-align-center elementor-widget elementor-widget-button\" data-id=\"f6e93b9\" data-element_type=\"widget\" data-widget_type=\"button.default\">\n\t\t\t\t<div class=\"elementor-widget-container\">\n\t\t\t\t\t\t\t<div class=\"elementor-button-wrapper\">\n\t\t\t\t\t<a class=\"elementor-button elementor-button-link elementor-size-sm\" href=\"https:\/\/wp.digitalart.fr\/index.php\/nous-contacter\/\">\n\t\t\t\t\t\t<span class=\"elementor-button-content-wrapper\">\n\t\t\t\t\t\t\t\t\t<span class=\"elementor-button-text\">Demander une documentation et  un devis<\/span>\n\t\t\t\t\t<\/span>\n\t\t\t\t\t<\/a>\n\t\t\t\t<\/div>\n\t\t\t\t\t\t<\/div>\n\t\t\t\t<\/div>\n\t\t\t\t\t<\/div>\n\t\t\t\t<\/div>\n\t\t<div class=\"elementor-element elementor-element-cc2559e e-flex e-con-boxed e-con e-parent\" data-id=\"cc2559e\" data-element_type=\"container\">\n\t\t\t\t\t<div class=\"e-con-inner\">\n\t\t\t\t<div class=\"elementor-element elementor-element-cd339ed elementor-widget elementor-widget-wp-widget-cryout_serious_slider_widget\" data-id=\"cd339ed\" data-element_type=\"widget\" data-widget_type=\"wp-widget-cryout_serious_slider_widget.default\">\n\t\t\t\t<div class=\"elementor-widget-container\">\n\t\t\t\t\t<div id=\"serious-slider-17-rnd1288\" class=\"cryout-serious-slider seriousslider serious-slider-17-rnd1288 cryout-serious-slider-17 seriousslider-overlay1 seriousslider-light seriousslider-shadow-none seriousslider-responsive-maintain seriousslider-hidetitles-0 seriousslider-slide seriousslider-sizing0 seriousslider-aligncenter seriousslider-caption-animation-slide seriousslider-textstyle-textshadow\" data-ride=\"seriousslider\">\n\t\t\t<div class=\"seriousslider-inner\" role=\"listbox\">\n\n\t\t\t\n\t\t\t<div class=\"item slide-1 active\" role=\"option\">\n\t\t\t\t\t\t\t\t<a  >\n\t\t\t\t\t<img decoding=\"async\" class=\"item-image\" src=\"https:\/\/digitalart.fr\/wp-content\/uploads\/2024\/12\/borne-sur-pied-scaled.jpg\" alt=\"Bornes appels vendeurs\" >\n\t\t\t\t<\/a>\n\t\t\t\t\t\t\t\t\t\t\t\t<div class=\"seriousslider-caption\">\n\t\t\t\t\t<div class=\"seriousslider-caption-inside\">\n\t\t\t\t\t\t<div class=\"seriousslider-caption-title\"><span>Bornes appels vendeurs<\/span><\/div>\t\t\t\t\t\t\t\t\t\t\t\t<div class=\"seriousslider-caption-buttons\">\n\t\t\t\t\t\t\t\t\t\t\t\t\t\t\t\t\t\t\t\t\t\t\t\t\t\t\t\t\t\t\t\t\t\t\t\t\t\t\t\t\t\t\t<\/div>\n\t\t\t\t\t<\/div><!--seriousslider-caption-inside-->\n\t\t\t\t<\/div><!--seriousslider-caption-->\n\t\t\t\t\t\t\t\t<div class=\"seriousslider-hloader\"><\/div>\n\t\t\t\t<figure class=\"seriousslider-cloader\">\n\t\t\t\t\t<svg width=\"200\" height=\"200\">\n\t\t\t\t\t\t<circle cx=\"95\" cy=\"95\" r=\"20\" transform=\"rotate(-90, 95, 95)\"\/>\n\t\t\t\t\t<\/svg>\n\t\t\t  <\/figure>\n\t\t\t<\/div>\n\n\t\t\t\t\t\t<\/div>\n\n\t\t\t<div class=\"seriousslider-indicators\">\n\t\t\t\t<ol class=\"seriousslider-indicators-inside\">\n\t\t\t\t\t\t\t\t\t\t<li data-target=\"#serious-slider-17-rnd1288\" data-slide-to=\"0\" class=\"active\"><\/li>\n\t\t\t\t\t\t\t\t\t<\/ol>\n\t\t\t<\/div>\n\n\t\t\t<button class=\"left seriousslider-control\" data-target=\"#serious-slider-17-rnd1288\" role=\"button\" data-slide=\"prev\">\n\t\t\t  <span class=\"sicon-prev control-arrow\" aria-hidden=\"true\"><\/span>\n\t\t\t  <span class=\"sr-only\">Previous Slide<\/span>\n\t\t\t<\/button>\n\t\t\t<button class=\"right seriousslider-control\" data-target=\"#serious-slider-17-rnd1288\" role=\"button\" data-slide=\"next\">\n\t\t\t  <span class=\"sicon-next control-arrow\" aria-hidden=\"true\"><\/span>\n\t\t\t  <span class=\"sr-only\">Next Slide<\/span>\n\t\t\t<\/button>\n\t\t<\/div>\n\t\t\t\t<\/div>\n\t\t\t\t<\/div>\n\t\t\t\t\t<\/div>\n\t\t\t\t<\/div>\n\t\t\t\t<\/div>\n\t\t","protected":false},"excerpt":{"rendered":"<p>Combien de ventes par heure et par rayon perdez-vous dans votre surface de vente ? Borne personnalisable aux couleurs de votre enseigne Les bornes d\u2019appels sont plac\u00e9es dans les rayons elles permettent \u00e0 vos clients &hellip;<\/p>\n","protected":false},"author":1,"featured_media":0,"parent":0,"menu_order":0,"comment_status":"closed","ping_status":"closed","template":"","meta":{"footnotes":""},"class_list":["post-248","page","type-page","status-publish","hentry"],"_links":{"self":[{"href":"https:\/\/digitalart.fr\/index.php\/wp-json\/wp\/v2\/pages\/248","targetHints":{"allow":["GET"]}}],"collection":[{"href":"https:\/\/digitalart.fr\/index.php\/wp-json\/wp\/v2\/pages"}],"about":[{"href":"https:\/\/digitalart.fr\/index.php\/wp-json\/wp\/v2\/types\/page"}],"author":[{"embeddable":true,"href":"https:\/\/digitalart.fr\/index.php\/wp-json\/wp\/v2\/users\/1"}],"replies":[{"embeddable":true,"href":"https:\/\/digitalart.fr\/index.php\/wp-json\/wp\/v2\/comments?post=248"}],"version-history":[{"count":19,"href":"https:\/\/digitalart.fr\/index.php\/wp-json\/wp\/v2\/pages\/248\/revisions"}],"predecessor-version":[{"id":354,"href":"https:\/\/digitalart.fr\/index.php\/wp-json\/wp\/v2\/pages\/248\/revisions\/354"}],"wp:attachment":[{"href":"https:\/\/digitalart.fr\/index.php\/wp-json\/wp\/v2\/media?parent=248"}],"curies":[{"name":"wp","href":"https:\/\/api.w.org\/{rel}","templated":true}]}}